{"id":3818,"date":"2013-11-25T07:43:22","date_gmt":"2013-11-25T06:43:22","guid":{"rendered":"http:\/\/www.scuderiagrischa.ch\/wordpress\/?page_id=3818"},"modified":"2021-01-24T12:32:00","modified_gmt":"2021-01-24T11:32:00","slug":"die-boecke","status":"publish","type":"page","link":"https:\/\/www.scuderiagrischa.ch\/wordpress\/?page_id=3818","title":{"rendered":"Die B\u00f6cke"},"content":{"rendered":"<p>B\u00fcndner identifizieren sich mit ihrem Wappentier. Vorallem den M\u00e4nnern sagt man eine gewisse Verwandheit nach (Abendheuerlustig, freiheistsliebend, bergg\u00e4ngig, eigensinning, stur, etc.)<\/p>\n<div>\n<p>Hier ein paar Prachtsexemplare:<\/p>\n<table border=\"0\" align=\"left\">\n<tbody>\n<tr align=\"left\" valign=\"center\">\n<td>\u00a0<a href=\"http:\/\/www.scuderiagrischa.ch\/wordpress\/wp-content\/uploads\/2013\/08\/c3d39a14-a80e-404d-be3a-0c9a68a482b5-normal.jpg\"><img loading=\"lazy\" decoding=\"async\" class=\"alignleft size-medium wp-image-3467\" src=\"http:\/\/www.scuderiagrischa.ch\/wordpress\/wp-content\/uploads\/2013\/08\/c3d39a14-a80e-404d-be3a-0c9a68a482b5-normal-300x199.jpg\" alt=\"c3d39a14-a80e-404d-be3a-0c9a68a482b5-normal.jpg\" width=\"300\" height=\"199\" srcset=\"https:\/\/www.scuderiagrischa.ch\/wordpress\/wp-content\/uploads\/2013\/08\/c3d39a14-a80e-404d-be3a-0c9a68a482b5-normal-300x199.jpg 300w, https:\/\/www.scuderiagrischa.ch\/wordpress\/wp-content\/uploads\/2013\/08\/c3d39a14-a80e-404d-be3a-0c9a68a482b5-normal-207x136.jpg 207w, https:\/\/www.scuderiagrischa.ch\/wordpress\/wp-content\/uploads\/2013\/08\/c3d39a14-a80e-404d-be3a-0c9a68a482b5-normal-140x94.jpg 140w, https:\/\/www.scuderiagrischa.ch\/wordpress\/wp-content\/uploads\/2013\/08\/c3d39a14-a80e-404d-be3a-0c9a68a482b5-normal.jpg 800w\" sizes=\"auto, (max-width: 300px) 100vw, 300px\" \/><\/a><\/td>\n<td>\n<h2><strong>Riccardo<br \/>\nBeccarelli<\/strong><\/h2>\n<p><strong>Der Meister der rasenden Kisten aus Zwanzigerjahren<\/strong><br \/>\nFan-Post: <a href=\"mailto:riccardo@scuderiagrischa.ch\">riccardo@scuderiagrischa.ch<\/a><\/td>\n<\/tr>\n<tr align=\"left\" valign=\"center\">\n<td>\u00a0<a href=\"http:\/\/www.scuderiagrischa.ch\/wordpress\/wp-content\/uploads\/2014\/10\/IMG_46385440fb2617d88.JPG\"><img loading=\"lazy\" decoding=\"async\" class=\"alignleft size-medium wp-image-4426\" src=\"http:\/\/www.scuderiagrischa.ch\/wordpress\/wp-content\/uploads\/2014\/10\/IMG_46385440fb2617d88-300x261.jpg\" alt=\"IMG_46385440fb2617d88.JPG\" width=\"300\" height=\"261\" srcset=\"https:\/\/www.scuderiagrischa.ch\/wordpress\/wp-content\/uploads\/2014\/10\/IMG_46385440fb2617d88-300x261.jpg 300w, https:\/\/www.scuderiagrischa.ch\/wordpress\/wp-content\/uploads\/2014\/10\/IMG_46385440fb2617d88-1024x893.jpg 1024w\" sizes=\"auto, (max-width: 300px) 100vw, 300px\" \/><\/a><\/td>\n<td>\n<h2><strong>Andi<br \/>\nLautenschlager<\/strong><\/h2>\n<p><strong>Schwerer Gasfuss auf altem Schwedenblech<\/strong><\/p>\n<p>Fan-Post: <a href=\"http:\/\/orient.scuderiagrischa.ch\/wordpress\/andi@scuderiagrischa.ch\">andi@scuderiagrischa.ch<\/a><\/td>\n<\/tr>\n<tr align=\"left\" valign=\"center\">\n<td><a href=\"http:\/\/orient.scuderiagrischa.ch\/wordpress\/wp-content\/uploads\/2012\/08\/pistek@hanomag.jpg\"><img loading=\"lazy\" decoding=\"async\" class=\"aligncenter\" title=\"pistek@hanomag\" src=\"http:\/\/orient.scuderiagrischa.ch\/wordpress\/wp-content\/uploads\/2012\/08\/pistek@hanomag-300x200.jpg\" alt=\"\" width=\"300\" height=\"200\" \/><\/a><\/td>\n<td>\n<h2><strong>Martin<br \/>\nPistek<\/strong><\/h2>\n<p><strong>D\u2019Brodwurscht unter de Steib\u00f6ck<\/strong><\/p>\n<p>Fan-Post: <a href=\"mailto:martin@scuderiagrischa.ch\">martin@scuderiagrischa.ch<\/a><\/td>\n<\/tr>\n<tr align=\"left\" valign=\"center\">\n<td><a href=\"http:\/\/www.scuderiagrischa.ch\/wordpress\/wp-content\/uploads\/2014\/08\/DSC00878.jpg\"><img loading=\"lazy\" decoding=\"async\" class=\"alignleft size-medium wp-image-4066\" src=\"http:\/\/www.scuderiagrischa.ch\/wordpress\/wp-content\/uploads\/2014\/08\/DSC00878-300x225.jpg\" alt=\"DSC00878\" width=\"300\" height=\"225\" srcset=\"https:\/\/www.scuderiagrischa.ch\/wordpress\/wp-content\/uploads\/2014\/08\/DSC00878-300x225.jpg 300w, https:\/\/www.scuderiagrischa.ch\/wordpress\/wp-content\/uploads\/2014\/08\/DSC00878-160x120.jpg 160w, https:\/\/www.scuderiagrischa.ch\/wordpress\/wp-content\/uploads\/2014\/08\/DSC00878.jpg 800w\" sizes=\"auto, (max-width: 300px) 100vw, 300px\" \/><\/a><\/td>\n<td>\n<h2><strong>Sandro<br \/>\nHosang<\/strong><\/h2>\n<p><strong>der Mann ohne Furcht aus Chur<\/strong><br \/>\n<strong>Fan-Post: <a href=\"mailto:sandro@scuderiagrischa.ch\">sandro@scuderiagrischa.ch<\/a><\/strong><\/p>\n<h3><\/h3>\n<\/td>\n<\/tr>\n<tr align=\"left\" valign=\"center\">\n<td><a href=\"http:\/\/www.scuderiagrischa.ch\/wordpress\/wp-content\/uploads\/2013\/11\/IMG_1108-1024x764.jpg\"><img loading=\"lazy\" decoding=\"async\" class=\"size-medium wp-image-3889 aligncenter\" src=\"http:\/\/www.scuderiagrischa.ch\/wordpress\/wp-content\/uploads\/2013\/11\/IMG_1108-1024x764-300x223.jpg\" alt=\"IMG_1108-1024x764\" width=\"300\" height=\"223\" srcset=\"https:\/\/www.scuderiagrischa.ch\/wordpress\/wp-content\/uploads\/2013\/11\/IMG_1108-1024x764-300x223.jpg 300w, https:\/\/www.scuderiagrischa.ch\/wordpress\/wp-content\/uploads\/2013\/11\/IMG_1108-1024x764-160x120.jpg 160w, https:\/\/www.scuderiagrischa.ch\/wordpress\/wp-content\/uploads\/2013\/11\/IMG_1108-1024x764.jpg 1024w\" sizes=\"auto, (max-width: 300px) 100vw, 300px\" \/><\/a><\/td>\n<td>\n<h2><strong>Adrian<br \/>\nHeimlicher<br \/>\n<\/strong><\/h2>\n<p><strong>der \u201cAllesganzmacher\u201d aus Filisur<br \/>\n<\/strong><\/p>\n<p><strong>Fan-Post: <a href=\"mailto:adrian@scuderiagrischa.ch\">adrian@scuderiagrischa.ch<\/a><\/strong><\/td>\n<\/tr>\n<tr align=\"left\" valign=\"center\">\n<td>\u00a0<a href=\"http:\/\/www.scuderiagrischa.ch\/wordpress\/wp-content\/uploads\/2013\/08\/img_1980.jpg\"><img loading=\"lazy\" decoding=\"async\" class=\"size-medium wp-image-3390 aligncenter\" src=\"http:\/\/www.scuderiagrischa.ch\/wordpress\/wp-content\/uploads\/2013\/08\/img_1980-300x235.jpg\" alt=\"img_1980.jpg\" width=\"300\" height=\"235\" srcset=\"https:\/\/www.scuderiagrischa.ch\/wordpress\/wp-content\/uploads\/2013\/08\/img_1980-300x235.jpg 300w, https:\/\/www.scuderiagrischa.ch\/wordpress\/wp-content\/uploads\/2013\/08\/img_1980.jpg 765w\" sizes=\"auto, (max-width: 300px) 100vw, 300px\" \/><\/a><\/td>\n<td>\n<h2><strong>Christoph (&#8222;Piffy&#8220;) <\/strong><\/h2>\n<h2><strong>Amb\u00fchl<br \/>\n<\/strong><\/h2>\n<p><strong>der Gentlemen aus Thusis<br \/>\n<\/strong><br \/>\n<strong>Fan-Post: <a href=\"mailto:piffi@scuderiagrischa.ch\">piffi@scuderiagrischa.ch<\/a><\/strong><\/td>\n<\/tr>\n<tr align=\"left\" valign=\"center\">\n<td>\u00a0<a href=\"http:\/\/www.scuderiagrischa.ch\/wordpress\/wp-content\/uploads\/2013\/06\/9152e964-810b-4547-b003-13ad199b38b0-normal.jpg\"><img loading=\"lazy\" decoding=\"async\" class=\"alignnone\" src=\"http:\/\/www.scuderiagrischa.ch\/wordpress\/wp-content\/uploads\/2013\/06\/9152e964-810b-4547-b003-13ad199b38b0-normal-300x200.jpg\" alt=\"R\u00f6bi Lenzerheide 2013\" width=\"300\" height=\"200\" \/><\/a><\/td>\n<td>\n<h2><strong>R\u00f6bi Battaglia<br \/>\n<\/strong><\/h2>\n<p><strong><strong>das Urgestein<br \/>\n<\/strong><br \/>\n<strong>Fan-Post: <a href=\"mailto:roebi@scuderiagrischa.ch\">roebi@scuderiagrischa.ch<\/a><\/strong><\/strong><\/td>\n<\/tr>\n<tr align=\"left\" valign=\"center\">\n<td>\u00a0<a href=\"http:\/\/www.scuderiagrischa.ch\/wordpress\/wp-content\/uploads\/2013\/11\/356_mario_2.jpg\"><img loading=\"lazy\" decoding=\"async\" class=\"size-medium wp-image-3896 aligncenter\" src=\"http:\/\/www.scuderiagrischa.ch\/wordpress\/wp-content\/uploads\/2013\/11\/356_mario_2-300x151.jpg\" alt=\"356_mario_2\" width=\"300\" height=\"151\" srcset=\"https:\/\/www.scuderiagrischa.ch\/wordpress\/wp-content\/uploads\/2013\/11\/356_mario_2-300x151.jpg 300w, https:\/\/www.scuderiagrischa.ch\/wordpress\/wp-content\/uploads\/2013\/11\/356_mario_2.jpg 650w\" sizes=\"auto, (max-width: 300px) 100vw, 300px\" \/><\/a><\/td>\n<td>\n<h2><strong>Mario Bossi<br \/>\n<\/strong><\/h2>\n<p><strong><strong><strong>der Porsche Mann mit Kamera<br \/>\n<\/strong><br \/>\n<strong>Fan-Post: <a href=\"mailto:mario@scuderiagrischa.ch\">mario@scuderiagrischa.ch<\/a><\/strong><\/strong><\/strong><\/p>\n<p><strong>Website: <a href=\"http:\/\/www.bossi.ws\" target=\"_blank\" rel=\"noopener\">www.bossi.ws<\/a><\/strong><\/td>\n<\/tr>\n<tr align=\"left\" valign=\"center\">\n<td><a href=\"http:\/\/www.scuderiagrischa.ch\/wordpress\/wp-content\/uploads\/2014\/09\/IMG_3890.JPG\"><img loading=\"lazy\" decoding=\"async\" class=\"aligncenter wp-image-4202 size-medium\" src=\"http:\/\/www.scuderiagrischa.ch\/wordpress\/wp-content\/uploads\/2014\/09\/IMG_3890-e1611487879638-300x218.jpg\" alt=\"IMG_3890.JPG\" width=\"300\" height=\"218\" srcset=\"https:\/\/www.scuderiagrischa.ch\/wordpress\/wp-content\/uploads\/2014\/09\/IMG_3890-e1611487879638-300x218.jpg 300w, https:\/\/www.scuderiagrischa.ch\/wordpress\/wp-content\/uploads\/2014\/09\/IMG_3890-e1611487879638-1024x745.jpg 1024w, https:\/\/www.scuderiagrischa.ch\/wordpress\/wp-content\/uploads\/2014\/09\/IMG_3890-e1611487879638-768x559.jpg 768w, https:\/\/www.scuderiagrischa.ch\/wordpress\/wp-content\/uploads\/2014\/09\/IMG_3890-e1611487879638-1536x1117.jpg 1536w, https:\/\/www.scuderiagrischa.ch\/wordpress\/wp-content\/uploads\/2014\/09\/IMG_3890-e1611487879638-2048x1489.jpg 2048w\" sizes=\"auto, (max-width: 300px) 100vw, 300px\" \/><\/a><a href=\"http:\/\/www.scuderiagrischa.ch\/wordpress\/wp-content\/uploads\/2014\/09\/dbd9c588-6845-4457-9d30-72f75fe6917a-normal.jpg\"><img loading=\"lazy\" decoding=\"async\" class=\" size-medium wp-image-4237 aligncenter\" src=\"http:\/\/www.scuderiagrischa.ch\/wordpress\/wp-content\/uploads\/2014\/09\/dbd9c588-6845-4457-9d30-72f75fe6917a-normal-300x199.jpg\" alt=\"dbd9c588-6845-4457-9d30-72f75fe6917a-normal.jpg\" width=\"300\" height=\"199\" srcset=\"https:\/\/www.scuderiagrischa.ch\/wordpress\/wp-content\/uploads\/2014\/09\/dbd9c588-6845-4457-9d30-72f75fe6917a-normal-300x199.jpg 300w, https:\/\/www.scuderiagrischa.ch\/wordpress\/wp-content\/uploads\/2014\/09\/dbd9c588-6845-4457-9d30-72f75fe6917a-normal.jpg 600w\" sizes=\"auto, (max-width: 300px) 100vw, 300px\" \/><\/a><\/td>\n<td>\n<table border=\"0\" align=\"left\">\n<tbody>\n<tr align=\"left\" valign=\"center\">\n<td><\/td>\n<td>\n<h2><strong>Roger Heimgartner<br \/>\n<\/strong><\/h2>\n<p><strong>der Raser mit Veredelung<\/strong><\/p>\n<p>Fan-Post:<a href=\"mailto::roger@scuderiagrischa.ch\"> roger@scuderiagrischa.ch<\/a><\/p>\n<p><strong>Website: <a href=\"http:\/\/www.mueller-galvanik.ch\/home\">www.mueller-galvanik.ch<\/a><\/strong><\/td>\n<\/tr>\n<\/tbody>\n<\/table>\n<\/td>\n<\/tr>\n<\/tbody>\n<\/table>\n<\/div>\n","protected":false},"excerpt":{"rendered":"<p>B\u00fcndner identifizieren sich mit ihrem Wappentier. Vorallem den M\u00e4nnern sagt man eine gewisse Verwandheit nach (Abendheuerlustig, freiheistsliebend, bergg\u00e4ngig, eigensinning, stur, etc.) Hier ein paar Prachtsexemplare: \u00a0 Riccardo Beccarelli Der Meister der rasenden Kisten aus Zwanzigerjahren Fan-Post: riccardo@scuderiagrischa.ch \u00a0 Andi Lautenschlager Schwerer Gasfuss auf altem Schwedenblech Fan-Post: andi@scuderiagrischa.ch Martin Pistek D\u2019Brodwurscht unter de Steib\u00f6ck Fan-Post: martin@scuderiagrischa.ch &hellip; <a href=\"https:\/\/www.scuderiagrischa.ch\/wordpress\/?page_id=3818\" class=\"more-link\"><span class=\"screen-reader-text\">Die B\u00f6cke<\/span> weiterlesen <span class=\"meta-nav\">&rarr;<\/span><\/a><\/p>\n","protected":false},"author":2,"featured_media":0,"parent":0,"menu_order":0,"comment_status":"open","ping_status":"open","template":"","meta":{"footnotes":""},"class_list":["post-3818","page","type-page","status-publish","hentry"],"_links":{"self":[{"href":"https:\/\/www.scuderiagrischa.ch\/wordpress\/index.php?rest_route=\/wp\/v2\/pages\/3818","targetHints":{"allow":["GET"]}}],"collection":[{"href":"https:\/\/www.scuderiagrischa.ch\/wordpress\/index.php?rest_route=\/wp\/v2\/pages"}],"about":[{"href":"https:\/\/www.scuderiagrischa.ch\/wordpress\/index.php?rest_route=\/wp\/v2\/types\/page"}],"author":[{"embeddable":true,"href":"https:\/\/www.scuderiagrischa.ch\/wordpress\/index.php?rest_route=\/wp\/v2\/users\/2"}],"replies":[{"embeddable":true,"href":"https:\/\/www.scuderiagrischa.ch\/wordpress\/index.php?rest_route=%2Fwp%2Fv2%2Fcomments&post=3818"}],"version-history":[{"count":19,"href":"https:\/\/www.scuderiagrischa.ch\/wordpress\/index.php?rest_route=\/wp\/v2\/pages\/3818\/revisions"}],"predecessor-version":[{"id":5724,"href":"https:\/\/www.scuderiagrischa.ch\/wordpress\/index.php?rest_route=\/wp\/v2\/pages\/3818\/revisions\/5724"}],"wp:attachment":[{"href":"https:\/\/www.scuderiagrischa.ch\/wordpress\/index.php?rest_route=%2Fwp%2Fv2%2Fmedia&parent=3818"}],"curies":[{"name":"wp","href":"https:\/\/api.w.org\/{rel}","templated":true}]}}